{"id":2802,"date":"2025-06-24T15:38:24","date_gmt":"2025-06-24T15:38:24","guid":{"rendered":"https:\/\/oasyavillas.com\/?page_id=2802"},"modified":"2025-12-04T06:14:08","modified_gmt":"2025-12-04T06:14:08","slug":"contact","status":"publish","type":"page","link":"https:\/\/oasyavillas.com\/vi\/contact\/","title":{"rendered":"LI\u00caN H\u1ec6"},"content":{"rendered":"<div data-elementor-type=\"wp-page\" data-elementor-id=\"2802\" class=\"elementor elementor-2802\" data-elementor-post-type=\"page\">\n\t\t\t\t<div class=\"elementor-element elementor-element-085a72e e-con-full e-flex e-con e-parent\" data-id=\"085a72e\" data-element_type=\"container\" data-settings=\"{&quot;background_background&quot;:&quot;classic&quot;}\">\n\t\t<div class=\"elementor-element elementor-element-6dfb48f e-flex e-con-boxed e-con e-child\" data-id=\"6dfb48f\" data-element_type=\"container\">\n\t\t\t\t\t<div class=\"e-con-inner\">\n\t\t\t\t<div class=\"elementor-element elementor-element-fb638ad elementor-widget elementor-widget-heading\" data-id=\"fb638ad\" data-element_type=\"widget\" data-widget_type=\"heading.default\">\n\t\t\t\t<div class=\"elementor-widget-container\">\n\t\t\t\t\t<h2 class=\"elementor-heading-title elementor-size-default\">LI\u00caN H\u1ec6<\/h2>\t\t\t\t<\/div>\n\t\t\t\t<\/div>\n\t\t\t\t\t<\/div>\n\t\t\t\t<\/div>\n\t\t\t\t<\/div>\n\t\t<div class=\"elementor-element elementor-element-b14917c e-flex e-con-boxed e-con e-parent\" data-id=\"b14917c\" data-element_type=\"container\" data-settings=\"{&quot;background_background&quot;:&quot;classic&quot;}\">\n\t\t\t\t\t<div class=\"e-con-inner\">\n\t\t<div class=\"elementor-element elementor-element-e88786d e-con-full e-flex e-con e-child\" data-id=\"e88786d\" data-element_type=\"container\">\n\t\t<div class=\"elementor-element elementor-element-aa57e33 e-con-full e-flex e-con e-child\" data-id=\"aa57e33\" data-element_type=\"container\">\n\t\t\t\t<div class=\"elementor-element elementor-element-7d2d76f elementor-widget elementor-widget-shortcode\" data-id=\"7d2d76f\" data-element_type=\"widget\" data-widget_type=\"shortcode.default\">\n\t\t\t\t<div class=\"elementor-widget-container\">\n\t\t\t\t\t\t\t<div class=\"elementor-shortcode\">\n    <div style=\"font-family: 'Poppins FZ', sans-serif; color: #252D2F; background-color: #E0E0D6; padding: 20px;\">\n        <div style=\"font-size: 16px; color: #696A49; letter-spacing: 2px; text-transform: uppercase;\">LI\u00caN H\u1ec6<\/div>\n        <h2 style=\"font-family: UTM Forum, serif; font-size: 50px; color: #252D2F; margin-top: 10px; font-weight: 400;\">H\u00e3y k\u1ebft n\u1ed1i v\u1edbi ch\u00fang t\u00f4i! Ch\u00fang t\u00f4i r\u1ea5t mong \u0111\u01b0\u1ee3c l\u1eafng nghe t\u1eeb b\u1ea1n.<\/h2>\n        <p style=\"margin-bottom: 30px; font-weight: 300;\">B\u1ea1n c\u00f3 th\u1eafc m\u1eafc, \u00fd t\u01b0\u1edfng hay c\u1ea7n m\u1ed9t v\u00e0i g\u1ee3i \u00fd \u0111\u1ec3 l\u00ean k\u1ebf ho\u1ea1ch cho k\u1ef3 ngh\u1ec9 c\u1ee7a b\u1ea1n? Ch\u00fang t\u00f4i lu\u00f4n s\u1eb5n s\u00e0ng l\u1eafng nghe v\u00e0 \u0111\u1ed3ng h\u00e0nh c\u00f9ng b\u1ea1n.<\/p>\n\n        <style>\n            .oasya-contact-submit {\n                background-color: #696A49;\n                color: #FAF6EE;\n                padding: 18px 24px;\n                font-family: 'Poppins FZ', sans-serif;\n                font-size: 14px;\n                font-weight: 400;\n                border: none;\n                cursor: pointer;\n                transition: background-color 0.2s ease, color 0.2s ease;\n            }\n            .oasya-contact-submit:hover {\n                background-color: #252D2F;\n                color: #FAF6EE;\n            }\n        <\/style>\n\n        <form method=\"post\" action=\"\">\n            <input type=\"hidden\" id=\"oasya_contact_nonce\" name=\"oasya_contact_nonce\" value=\"d932dacd53\" \/><input type=\"hidden\" name=\"_wp_http_referer\" value=\"\/vi\/wp-json\/wp\/v2\/pages\/2802\" \/>\n            <div style=\"margin-bottom: 30px;\">\n                <label style=\"display:block; font-size:14px; margin-bottom:6px; font-weight: 300;\">H\u1ecd T\u00ean *<\/label>\n                <input type=\"text\" name=\"full_name\" required style=\"width: 100%; background-color: #E0E0D6; border: none; border-bottom: 1px solid #ccc; padding: 8px 0; font-size: 14px; font-weight: 300; outline: none;\">\n            <\/div>\n\n            <div style=\"margin-bottom: 30px;\">\n                <label style=\"display:block; font-size:14px; margin-bottom:6px; font-weight: 300;\">\u0110\u1ecba Ch\u1ec9 Email *<\/label>\n                <input type=\"email\" name=\"email\" required style=\"width: 100%; background-color: #E0E0D6; border: none; border-bottom: 1px solid #ccc; padding: 8px 0; font-size: 14px; font-weight: 300; outline: none;\">\n            <\/div>\n\n            <div style=\"margin-bottom: 30px; position: relative;\">\n                <label style=\"display:block; font-size:14px; margin-bottom:6px; font-weight: 300;\">Ti\u00eau \u0110\u1ec1 *<\/label>\n                <div style=\"position: relative;\">\n                    <select name=\"subject\" required style=\"width: 100%; background-color: #E0E0D6; border: none; border-bottom: 1px solid #ccc; padding: 8px 0; font-size: 14px; font-weight: 300; appearance: none; -webkit-appearance: none; -moz-appearance: none; outline: none; padding-right: 24px;\">\n                        <option value=\"\" disabled selected hidden><\/option>\n                        <option value=\"General Inquiry\">General Inquiry<\/option>\n                        <option value=\"Booking Request\">Booking Request<\/option>\n                        <option value=\"Feedback\">Feedback<\/option>\n                    <\/select>\n                    <span style=\"position: absolute; right: 0; top: 50%; transform: translateY(-50%) rotate(90deg); pointer-events: none;\">&gt;<\/span>\n                <\/div>\n            <\/div>\n\n            <div style=\"margin-bottom: 40px;\">\n                <label style=\"display:block; font-size:14px; margin-bottom:6px; font-weight: 300;\">Tin Nh\u1eafn<\/label>\n                <textarea name=\"message\" rows=\"4\" style=\"width: 100%; background-color: #E0E0D6; border: none; border-bottom: 1px solid #ccc; padding: 8px 0; font-size: 14px; font-weight: 300; outline: none;\"><\/textarea>\n            <\/div>\n\n            <button type=\"submit\" class=\"oasya-contact-submit\">G\u1eedi<\/button>\n        <input type=\"hidden\" name=\"trp-form-language\" value=\"vi\"\/><\/form>\n    <\/div>\n\n    <\/div>\n\t\t\t\t\t\t<\/div>\n\t\t\t\t<\/div>\n\t\t\t\t<\/div>\n\t\t<div class=\"elementor-element elementor-element-51a6f76 e-con-full e-flex e-con e-child\" data-id=\"51a6f76\" data-element_type=\"container\">\n\t\t\t\t<div class=\"elementor-element elementor-element-05304d2 elementor-widget elementor-widget-image\" data-id=\"05304d2\" data-element_type=\"widget\" data-widget_type=\"image.default\">\n\t\t\t\t<div class=\"elementor-widget-container\">\n\t\t\t\t\t\t\t\t\t\t\t\t\t\t\t<img fetchpriority=\"high\" decoding=\"async\" width=\"683\" height=\"1024\" src=\"https:\/\/oasyavillas.com\/wp-content\/uploads\/2025\/09\/canwexplore-oasya-diner-3-683x1024.jpg\" class=\"attachment-large size-large wp-image-3817\" alt=\"\" srcset=\"https:\/\/oasyavillas.com\/wp-content\/uploads\/2025\/09\/canwexplore-oasya-diner-3-683x1024.jpg 683w, https:\/\/oasyavillas.com\/wp-content\/uploads\/2025\/09\/canwexplore-oasya-diner-3-200x300.jpg 200w, https:\/\/oasyavillas.com\/wp-content\/uploads\/2025\/09\/canwexplore-oasya-diner-3-768x1151.jpg 768w, https:\/\/oasyavillas.com\/wp-content\/uploads\/2025\/09\/canwexplore-oasya-diner-3-1025x1536.jpg 1025w, https:\/\/oasyavillas.com\/wp-content\/uploads\/2025\/09\/canwexplore-oasya-diner-3-1366x2048.jpg 1366w, https:\/\/oasyavillas.com\/wp-content\/uploads\/2025\/09\/canwexplore-oasya-diner-3-8x12.jpg 8w, https:\/\/oasyavillas.com\/wp-content\/uploads\/2025\/09\/canwexplore-oasya-diner-3-scaled.jpg 1708w\" sizes=\"(max-width: 683px) 100vw, 683px\" \/>\t\t\t\t\t\t\t\t\t\t\t\t\t\t\t<\/div>\n\t\t\t\t<\/div>\n\t\t\t\t<\/div>\n\t\t\t\t<\/div>\n\t\t\t\t\t<\/div>\n\t\t\t\t<\/div>\n\t\t<div class=\"elementor-element elementor-element-3b3c7d1 e-flex e-con-boxed e-con e-parent\" data-id=\"3b3c7d1\" data-element_type=\"container\" data-settings=\"{&quot;background_background&quot;:&quot;classic&quot;}\">\n\t\t\t\t\t<div class=\"e-con-inner\">\n\t\t\t\t<div class=\"elementor-element elementor-element-f6607ba elementor-widget elementor-widget-heading\" data-id=\"f6607ba\" data-element_type=\"widget\" data-widget_type=\"heading.default\">\n\t\t\t\t<div class=\"elementor-widget-container\">\n\t\t\t\t\t<h2 class=\"elementor-heading-title elementor-size-default\">KH\u00c1M PH\u00c1 \u0110I\u1ec2M NH\u1ea4N C\u1ee6A OASYA<\/h2>\t\t\t\t<\/div>\n\t\t\t\t<\/div>\n\t\t\t\t<div class=\"elementor-element elementor-element-7144df7 elementor-widget elementor-widget-heading\" data-id=\"7144df7\" data-element_type=\"widget\" data-widget_type=\"heading.default\">\n\t\t\t\t<div class=\"elementor-widget-container\">\n\t\t\t\t\t<h2 class=\"elementor-heading-title elementor-size-default\">H\u01b0\u1edbng d\u1eabn \u0111\u01b0\u1eddng \u0111i <\/h2>\t\t\t\t<\/div>\n\t\t\t\t<\/div>\n\t\t<div class=\"elementor-element elementor-element-d01348a e-con-full e-flex e-con e-child\" data-id=\"d01348a\" data-element_type=\"container\">\n\t\t<div class=\"elementor-element elementor-element-ef26ec9 e-con-full e-flex e-con e-child\" data-id=\"ef26ec9\" data-element_type=\"container\">\n\t\t\t\t<div class=\"elementor-element elementor-element-580a46c elementor-widget elementor-widget-image\" data-id=\"580a46c\" data-element_type=\"widget\" data-widget_type=\"image.default\">\n\t\t\t\t<div class=\"elementor-widget-container\">\n\t\t\t\t\t\t\t\t\t\t\t\t\t\t\t<img decoding=\"async\" width=\"2560\" height=\"1440\" src=\"https:\/\/oasyavillas.com\/wp-content\/uploads\/2025\/07\/canwexplore-oasya-drone-27-scaled.jpg\" class=\"attachment-full size-full wp-image-3281\" alt=\"\" srcset=\"https:\/\/oasyavillas.com\/wp-content\/uploads\/2025\/07\/canwexplore-oasya-drone-27-scaled.jpg 2560w, https:\/\/oasyavillas.com\/wp-content\/uploads\/2025\/07\/canwexplore-oasya-drone-27-300x169.jpg 300w, https:\/\/oasyavillas.com\/wp-content\/uploads\/2025\/07\/canwexplore-oasya-drone-27-1024x576.jpg 1024w, https:\/\/oasyavillas.com\/wp-content\/uploads\/2025\/07\/canwexplore-oasya-drone-27-768x432.jpg 768w, https:\/\/oasyavillas.com\/wp-content\/uploads\/2025\/07\/canwexplore-oasya-drone-27-1536x864.jpg 1536w, https:\/\/oasyavillas.com\/wp-content\/uploads\/2025\/07\/canwexplore-oasya-drone-27-2048x1152.jpg 2048w, https:\/\/oasyavillas.com\/wp-content\/uploads\/2025\/07\/canwexplore-oasya-drone-27-18x10.jpg 18w\" sizes=\"(max-width: 2560px) 100vw, 2560px\" \/>\t\t\t\t\t\t\t\t\t\t\t\t\t\t\t<\/div>\n\t\t\t\t<\/div>\n\t\t<div class=\"elementor-element elementor-element-2a1c9b3 e-con-full e-flex e-con e-child\" data-id=\"2a1c9b3\" data-element_type=\"container\">\n\t\t<div class=\"elementor-element elementor-element-dcbb5d5 e-con-full e-flex e-con e-child\" data-id=\"dcbb5d5\" data-element_type=\"container\">\n\t\t\t\t<div class=\"elementor-element elementor-element-7bf2c51 elementor-widget elementor-widget-heading\" data-id=\"7bf2c51\" data-element_type=\"widget\" data-widget_type=\"heading.default\">\n\t\t\t\t<div class=\"elementor-widget-container\">\n\t\t\t\t\t<h2 class=\"elementor-heading-title elementor-size-default\">\u0110\u1ecba ch\u1ec9<\/h2>\t\t\t\t<\/div>\n\t\t\t\t<\/div>\n\t\t\t\t<div class=\"elementor-element elementor-element-6de6ad9 elementor-widget elementor-widget-text-editor\" data-id=\"6de6ad9\" data-element_type=\"widget\" data-widget_type=\"text-editor.default\">\n\t\t\t\t<div class=\"elementor-widget-container\">\n\t\t\t\t\t\t\t\t\t<p>75 Ch\u00e8 T\u00e0u 1, C\u1ea9m Kim, Ph\u01b0\u1eddng H\u1ed9i An, Tp. \u0110\u00e0 N\u1eb5ng<\/p>\t\t\t\t\t\t\t\t<\/div>\n\t\t\t\t<\/div>\n\t\t\t\t<div class=\"elementor-element elementor-element-ef7f0ff elementor-align-left elementor-widget elementor-widget-button\" data-id=\"ef7f0ff\" data-element_type=\"widget\" data-widget_type=\"button.default\">\n\t\t\t\t<div class=\"elementor-widget-container\">\n\t\t\t\t\t\t\t\t\t<div class=\"elementor-button-wrapper\">\n\t\t\t\t\t<a class=\"elementor-button elementor-button-link elementor-size-sm\" href=\"https:\/\/maps.app.goo.gl\/6VjHbjPYPbbrwxbQA\" target=\"_blank\">\n\t\t\t\t\t\t<span class=\"elementor-button-content-wrapper\">\n\t\t\t\t\t\t\t\t\t<span class=\"elementor-button-text\">Xem b\u1ea3n \u0111\u1ed3<\/span>\n\t\t\t\t\t<\/span>\n\t\t\t\t\t<\/a>\n\t\t\t\t<\/div>\n\t\t\t\t\t\t\t\t<\/div>\n\t\t\t\t<\/div>\n\t\t\t\t<\/div>\n\t\t<div class=\"elementor-element elementor-element-e3420cc e-con-full e-flex e-con e-child\" data-id=\"e3420cc\" data-element_type=\"container\">\n\t\t\t\t<div class=\"elementor-element elementor-element-724382f elementor-widget elementor-widget-heading\" data-id=\"724382f\" data-element_type=\"widget\" data-widget_type=\"heading.default\">\n\t\t\t\t<div class=\"elementor-widget-container\">\n\t\t\t\t\t<h2 class=\"elementor-heading-title elementor-size-default\">V\u1ecb Tr\u00ed<\/h2>\t\t\t\t<\/div>\n\t\t\t\t<\/div>\n\t\t\t\t<div class=\"elementor-element elementor-element-9411760 elementor-widget elementor-widget-text-editor\" data-id=\"9411760\" data-element_type=\"widget\" data-widget_type=\"text-editor.default\">\n\t\t\t\t<div class=\"elementor-widget-container\">\n\t\t\t\t\t\t\t\t\t<p data-prosemirror-content-type=\"node\" data-prosemirror-node-name=\"paragraph\" data-prosemirror-node-block=\"true\" data-pm-slice=\"1 1 [&quot;orderedList&quot;,{&quot;order&quot;:1,&quot;localId&quot;:null},&quot;listItem&quot;,{&quot;localId&quot;:null}]\">10 ph\u00fat \u0111\u1ebfn Ph\u1ed1 c\u1ed5 H\u1ed9i An<\/p><p data-prosemirror-content-type=\"node\" data-prosemirror-node-name=\"paragraph\" data-prosemirror-node-block=\"true\" data-pm-slice=\"1 1 [&quot;orderedList&quot;,{&quot;order&quot;:1,&quot;localId&quot;:null},&quot;listItem&quot;,{&quot;localId&quot;:null}]\">15 ph\u00fat \u0111\u1ebfn b\u00e3i bi\u1ec3n An B\u00e0ng<\/p><p>45 ph\u00fat t\u1eeb s\u00e2n bay \u0110\u00e0 N\u1eb5ng<\/p>\t\t\t\t\t\t\t\t<\/div>\n\t\t\t\t<\/div>\n\t\t\t\t<\/div>\n\t\t<div class=\"elementor-element elementor-element-89afa0d e-con-full e-flex e-con e-child\" data-id=\"89afa0d\" data-element_type=\"container\">\n\t\t\t\t<div class=\"elementor-element elementor-element-d989b18 elementor-widget elementor-widget-heading\" data-id=\"d989b18\" data-element_type=\"widget\" data-widget_type=\"heading.default\">\n\t\t\t\t<div class=\"elementor-widget-container\">\n\t\t\t\t\t<h2 class=\"elementor-heading-title elementor-size-default\">Kh\u00e1m ph\u00e1, theo c\u00e1ch b\u1ea1n mu\u1ed1n.<\/h2>\t\t\t\t<\/div>\n\t\t\t\t<\/div>\n\t\t\t\t<div class=\"elementor-element elementor-element-ee751d7 elementor-widget elementor-widget-text-editor\" data-id=\"ee751d7\" data-element_type=\"widget\" data-widget_type=\"text-editor.default\">\n\t\t\t\t<div class=\"elementor-widget-container\">\n\t\t\t\t\t\t\t\t\t<p>Xe h\u01a1i 4 - 7 ch\u1ed7 c\u00f3 t\u00e0i x\u1ebf theo y\u00eau c\u1ea7u.\u00a0<\/p><p>M\u1ed7i villa \u0111\u1ec1u c\u00f3 s\u1eb5n xe \u0111\u1ea1p d\u00e0nh cho kh\u00e1ch.<\/p>\t\t\t\t\t\t\t\t<\/div>\n\t\t\t\t<\/div>\n\t\t\t\t<\/div>\n\t\t\t\t<\/div>\n\t\t\t\t<\/div>\n\t\t\t\t<\/div>\n\t\t\t\t\t<\/div>\n\t\t\t\t<\/div>\n\t\t\t\t<\/div>","protected":false},"excerpt":{"rendered":"<p>Contact DISCOVER OASYA Getting Here Address 75 Che Tau 1, Cam Kim Ward, Hoi An City, Quang Nam Province, Vietnam Get Direction What\u2019s Nearby 10 minutes to Hoi An Old Town 15 minutes to An Bang beach 45 minutes from Danang airport Getting around, your way Chauffeured 4- and 7-seater cars are available\u00a0 Complimentary bicycles [&hellip;]<\/p>","protected":false},"author":2,"featured_media":0,"parent":0,"menu_order":0,"comment_status":"closed","ping_status":"closed","template":"elementor_header_footer","meta":{"_uag_custom_page_level_css":"","footnotes":""},"class_list":["post-2802","page","type-page","status-publish","hentry"],"uagb_featured_image_src":{"full":false,"thumbnail":false,"medium":false,"medium_large":false,"large":false,"1536x1536":false,"2048x2048":false,"trp-custom-language-flag":false},"uagb_author_info":{"display_name":"nguyen.work21@gmail.com","author_link":"https:\/\/oasyavillas.com\/vi\/author\/nguyen-work21gmail-com\/"},"uagb_comment_info":0,"uagb_excerpt":"Contact DISCOVER OASYA Getting Here Address 75 Che Tau 1, Cam Kim Ward, Hoi An City, Quang Nam Province, Vietnam Get Direction What\u2019s Nearby 10 minutes to Hoi An Old Town 15 minutes to An Bang beach 45 minutes from Danang airport Getting around, your way Chauffeured 4- and 7-seater cars are available\u00a0 Complimentary bicycles&hellip;","_links":{"self":[{"href":"https:\/\/oasyavillas.com\/vi\/wp-json\/wp\/v2\/pages\/2802","targetHints":{"allow":["GET"]}}],"collection":[{"href":"https:\/\/oasyavillas.com\/vi\/wp-json\/wp\/v2\/pages"}],"about":[{"href":"https:\/\/oasyavillas.com\/vi\/wp-json\/wp\/v2\/types\/page"}],"author":[{"embeddable":true,"href":"https:\/\/oasyavillas.com\/vi\/wp-json\/wp\/v2\/users\/2"}],"replies":[{"embeddable":true,"href":"https:\/\/oasyavillas.com\/vi\/wp-json\/wp\/v2\/comments?post=2802"}],"version-history":[{"count":64,"href":"https:\/\/oasyavillas.com\/vi\/wp-json\/wp\/v2\/pages\/2802\/revisions"}],"predecessor-version":[{"id":6172,"href":"https:\/\/oasyavillas.com\/vi\/wp-json\/wp\/v2\/pages\/2802\/revisions\/6172"}],"wp:attachment":[{"href":"https:\/\/oasyavillas.com\/vi\/wp-json\/wp\/v2\/media?parent=2802"}],"curies":[{"name":"wp","href":"https:\/\/api.w.org\/{rel}","templated":true}]}}